{"id":2811,"date":"2021-04-07T08:58:43","date_gmt":"2021-04-07T06:58:43","guid":{"rendered":"https:\/\/terrescitoyennes.org\/?page_id=2811"},"modified":"2021-04-12T15:15:18","modified_gmt":"2021-04-12T13:15:18","slug":"les-48h-de-lagriculture-urbaine-2","status":"publish","type":"page","link":"https:\/\/terrescitoyennes.org\/index.php\/les-48h-de-lagriculture-urbaine-2\/","title":{"rendered":"Les 48h de l&rsquo;agriculture urbaine"},"content":{"rendered":"\n<p>Chaque ann\u00e9e depuis 2018, nous participons \u00e0 cet \u00e9v\u00e8nement national, et m\u00eame au-del\u00e0 puisque Gen\u00e8ve, Tournais et Barcelone y participent aussi, que sont les 48h de l&rsquo;Agriculture urbaine. Elles sont coordonn\u00e9es par <a href=\"https:\/\/www.lasauge.fr\/\">la SAUGE<\/a> et une vingtaine de villes y participent chaque ann\u00e9e.<\/p>\n\n\n\n<p>Il s&rsquo;agit, le temps d&rsquo;un week-end de faire parler d&rsquo;alimentation locale, de faire des liens, des rencontres et des \u00e9changes entre mangeurs et mangeuses des villes et paysans et paysannes des champs.<\/p>\n\n\n\n<p>Pour retrouver nos programmations et les galeries photos des ann\u00e9es pr\u00e9c\u00e9dentes : <\/p>\n\n\n\n<p><a href=\"https:\/\/terrescitoyennes.org\/index.php\/les-48h-de-lagriculture-urbaine\/\">Les 48h de l&rsquo;Agriculture urbaine en 2018<\/a><\/p>\n\n\n\n<p><a href=\"https:\/\/terrescitoyennes.org\/index.php\/les-48h-edition-2019\/\">Les 48h de l&rsquo;Agriculture urbaine en 2019<\/a><\/p>\n\n\n\n<p><a href=\"https:\/\/terrescitoyennes.org\/index.php\/les-48h\/\">Les 48h de l&rsquo;Agriculture urbaine en 2020<\/a><\/p>\n\n\n\n<p><a href=\"https:\/\/terrescitoyennes.org\/index.php\/les-48h-de-lagriculture-urbaine-en-2x24h\/\">Les 48h de l&rsquo;Agriculture urbaine en 2021<\/a><\/p>\n","protected":false},"excerpt":{"rendered":"<p>Chaque ann\u00e9e depuis 2018, nous participons \u00e0 cet \u00e9v\u00e8nement national, et m\u00eame au-del\u00e0 puisque Gen\u00e8ve, Tournais et Barcelone y participent aussi, que sont les 48h de l&rsquo;Agriculture urbaine. Elles sont coordonn\u00e9es par la SAUGE et une vingtaine de villes y participent chaque ann\u00e9e. Il s&rsquo;agit, le temps d&rsquo;un week-end de faire parler d&rsquo;alimentation locale, de [&hellip;]<\/p>\n","protected":false},"author":2,"featured_media":2848,"parent":0,"menu_order":0,"comment_status":"closed","ping_status":"closed","template":"","meta":{"footnotes":""},"yoast_head":"<!-- This site is optimized with the Yoast SEO plugin v23.5 - https:\/\/yoast.com\/wordpress\/plugins\/seo\/ -->\n<title>Les 48h de l&#039;agriculture urbaine - Terres citoyennes albigeoises<\/title>\n<meta name=\"robots\" content=\"index, follow, max-snippet:-1, max-image-preview:large, max-video-preview:-1\" \/>\n<link rel=\"canonical\" href=\"https:\/\/terrescitoyennes.org\/index.php\/les-48h-de-lagriculture-urbaine-2\/\" \/>\n<meta property=\"og:locale\" content=\"fr_FR\" \/>\n<meta property=\"og:type\" content=\"article\" \/>\n<meta property=\"og:title\" content=\"Les 48h de l&#039;agriculture urbaine - Terres citoyennes albigeoises\" \/>\n<meta property=\"og:description\" content=\"Chaque ann\u00e9e depuis 2018, nous participons \u00e0 cet \u00e9v\u00e8nement national, et m\u00eame au-del\u00e0 puisque Gen\u00e8ve, Tournais et Barcelone y participent aussi, que sont les 48h de l&rsquo;Agriculture urbaine. Elles sont coordonn\u00e9es par la SAUGE et une vingtaine de villes y participent chaque ann\u00e9e. Il s&rsquo;agit, le temps d&rsquo;un week-end de faire parler d&rsquo;alimentation locale, de [&hellip;]\" \/>\n<meta property=\"og:url\" content=\"https:\/\/terrescitoyennes.org\/index.php\/les-48h-de-lagriculture-urbaine-2\/\" \/>\n<meta property=\"og:site_name\" content=\"Terres citoyennes albigeoises\" \/>\n<meta property=\"article:publisher\" content=\"https:\/\/www.facebook.com\/Terres-citoyennes-albigeoises-513479312353377\/\" \/>\n<meta property=\"article:modified_time\" content=\"2021-04-12T13:15:18+00:00\" \/>\n<meta property=\"og:image\" content=\"https:\/\/terrescitoyennes.org\/wp-content\/uploads\/2021\/04\/48h_wordpress_1200x6281.jpg\" \/>\n\t<meta property=\"og:image:width\" content=\"1200\" \/>\n\t<meta property=\"og:image:height\" content=\"628\" \/>\n\t<meta property=\"og:image:type\" content=\"image\/jpeg\" \/>\n<meta name=\"twitter:card\" content=\"summary_large_image\" \/>\n<meta name=\"twitter:label1\" content=\"Dur\u00e9e de lecture estim\u00e9e\" \/>\n\t<meta name=\"twitter:data1\" content=\"1 minute\" \/>\n<script type=\"application\/ld+json\" class=\"yoast-schema-graph\">{\"@context\":\"https:\/\/schema.org\",\"@graph\":[{\"@type\":\"WebPage\",\"@id\":\"https:\/\/terrescitoyennes.org\/index.php\/les-48h-de-lagriculture-urbaine-2\/\",\"url\":\"https:\/\/terrescitoyennes.org\/index.php\/les-48h-de-lagriculture-urbaine-2\/\",\"name\":\"Les 48h de l'agriculture urbaine - Terres citoyennes albigeoises\",\"isPartOf\":{\"@id\":\"https:\/\/terrescitoyennes.org\/#website\"},\"primaryImageOfPage\":{\"@id\":\"https:\/\/terrescitoyennes.org\/index.php\/les-48h-de-lagriculture-urbaine-2\/#primaryimage\"},\"image\":{\"@id\":\"https:\/\/terrescitoyennes.org\/index.php\/les-48h-de-lagriculture-urbaine-2\/#primaryimage\"},\"thumbnailUrl\":\"https:\/\/terrescitoyennes.org\/wp-content\/uploads\/2021\/04\/48h_wordpress_1200x6281.jpg\",\"datePublished\":\"2021-04-07T06:58:43+00:00\",\"dateModified\":\"2021-04-12T13:15:18+00:00\",\"breadcrumb\":{\"@id\":\"https:\/\/terrescitoyennes.org\/index.php\/les-48h-de-lagriculture-urbaine-2\/#breadcrumb\"},\"inLanguage\":\"fr-FR\",\"potentialAction\":[{\"@type\":\"ReadAction\",\"target\":[\"https:\/\/terrescitoyennes.org\/index.php\/les-48h-de-lagriculture-urbaine-2\/\"]}]},{\"@type\":\"ImageObject\",\"inLanguage\":\"fr-FR\",\"@id\":\"https:\/\/terrescitoyennes.org\/index.php\/les-48h-de-lagriculture-urbaine-2\/#primaryimage\",\"url\":\"https:\/\/terrescitoyennes.org\/wp-content\/uploads\/2021\/04\/48h_wordpress_1200x6281.jpg\",\"contentUrl\":\"https:\/\/terrescitoyennes.org\/wp-content\/uploads\/2021\/04\/48h_wordpress_1200x6281.jpg\",\"width\":1200,\"height\":628},{\"@type\":\"BreadcrumbList\",\"@id\":\"https:\/\/terrescitoyennes.org\/index.php\/les-48h-de-lagriculture-urbaine-2\/#breadcrumb\",\"itemListElement\":[{\"@type\":\"ListItem\",\"position\":1,\"name\":\"Accueil\",\"item\":\"https:\/\/terrescitoyennes.org\/\"},{\"@type\":\"ListItem\",\"position\":2,\"name\":\"Les 48h de l&rsquo;agriculture urbaine\"}]},{\"@type\":\"WebSite\",\"@id\":\"https:\/\/terrescitoyennes.org\/#website\",\"url\":\"https:\/\/terrescitoyennes.org\/\",\"name\":\"Terres Citoyennes Albigeoises\",\"description\":\"\",\"publisher\":{\"@id\":\"https:\/\/terrescitoyennes.org\/#organization\"},\"potentialAction\":[{\"@type\":\"SearchAction\",\"target\":{\"@type\":\"EntryPoint\",\"urlTemplate\":\"https:\/\/terrescitoyennes.org\/?s={search_term_string}\"},\"query-input\":{\"@type\":\"PropertyValueSpecification\",\"valueRequired\":true,\"valueName\":\"search_term_string\"}}],\"inLanguage\":\"fr-FR\"},{\"@type\":\"Organization\",\"@id\":\"https:\/\/terrescitoyennes.org\/#organization\",\"name\":\"Terres Citoyennes Albigeoises\",\"url\":\"https:\/\/terrescitoyennes.org\/\",\"logo\":{\"@type\":\"ImageObject\",\"inLanguage\":\"fr-FR\",\"@id\":\"https:\/\/terrescitoyennes.org\/#\/schema\/logo\/image\/\",\"url\":\"https:\/\/terrescitoyennes.org\/wp-content\/uploads\/2020\/05\/LOGO-TC-propo-01.png\",\"contentUrl\":\"https:\/\/terrescitoyennes.org\/wp-content\/uploads\/2020\/05\/LOGO-TC-propo-01.png\",\"width\":519,\"height\":459,\"caption\":\"Terres Citoyennes Albigeoises\"},\"image\":{\"@id\":\"https:\/\/terrescitoyennes.org\/#\/schema\/logo\/image\/\"},\"sameAs\":[\"https:\/\/www.facebook.com\/Terres-citoyennes-albigeoises-513479312353377\/\"]}]}<\/script>\n<!-- \/ Yoast SEO plugin. -->","yoast_head_json":{"title":"Les 48h de l'agriculture urbaine - Terres citoyennes albigeoises","robots":{"index":"index","follow":"follow","max-snippet":"max-snippet:-1","max-image-preview":"max-image-preview:large","max-video-preview":"max-video-preview:-1"},"canonical":"https:\/\/terrescitoyennes.org\/index.php\/les-48h-de-lagriculture-urbaine-2\/","og_locale":"fr_FR","og_type":"article","og_title":"Les 48h de l'agriculture urbaine - Terres citoyennes albigeoises","og_description":"Chaque ann\u00e9e depuis 2018, nous participons \u00e0 cet \u00e9v\u00e8nement national, et m\u00eame au-del\u00e0 puisque Gen\u00e8ve, Tournais et Barcelone y participent aussi, que sont les 48h de l&rsquo;Agriculture urbaine. Elles sont coordonn\u00e9es par la SAUGE et une vingtaine de villes y participent chaque ann\u00e9e. Il s&rsquo;agit, le temps d&rsquo;un week-end de faire parler d&rsquo;alimentation locale, de [&hellip;]","og_url":"https:\/\/terrescitoyennes.org\/index.php\/les-48h-de-lagriculture-urbaine-2\/","og_site_name":"Terres citoyennes albigeoises","article_publisher":"https:\/\/www.facebook.com\/Terres-citoyennes-albigeoises-513479312353377\/","article_modified_time":"2021-04-12T13:15:18+00:00","og_image":[{"width":1200,"height":628,"url":"https:\/\/terrescitoyennes.org\/wp-content\/uploads\/2021\/04\/48h_wordpress_1200x6281.jpg","type":"image\/jpeg"}],"twitter_card":"summary_large_image","twitter_misc":{"Dur\u00e9e de lecture estim\u00e9e":"1 minute"},"schema":{"@context":"https:\/\/schema.org","@graph":[{"@type":"WebPage","@id":"https:\/\/terrescitoyennes.org\/index.php\/les-48h-de-lagriculture-urbaine-2\/","url":"https:\/\/terrescitoyennes.org\/index.php\/les-48h-de-lagriculture-urbaine-2\/","name":"Les 48h de l'agriculture urbaine - Terres citoyennes albigeoises","isPartOf":{"@id":"https:\/\/terrescitoyennes.org\/#website"},"primaryImageOfPage":{"@id":"https:\/\/terrescitoyennes.org\/index.php\/les-48h-de-lagriculture-urbaine-2\/#primaryimage"},"image":{"@id":"https:\/\/terrescitoyennes.org\/index.php\/les-48h-de-lagriculture-urbaine-2\/#primaryimage"},"thumbnailUrl":"https:\/\/terrescitoyennes.org\/wp-content\/uploads\/2021\/04\/48h_wordpress_1200x6281.jpg","datePublished":"2021-04-07T06:58:43+00:00","dateModified":"2021-04-12T13:15:18+00:00","breadcrumb":{"@id":"https:\/\/terrescitoyennes.org\/index.php\/les-48h-de-lagriculture-urbaine-2\/#breadcrumb"},"inLanguage":"fr-FR","potentialAction":[{"@type":"ReadAction","target":["https:\/\/terrescitoyennes.org\/index.php\/les-48h-de-lagriculture-urbaine-2\/"]}]},{"@type":"ImageObject","inLanguage":"fr-FR","@id":"https:\/\/terrescitoyennes.org\/index.php\/les-48h-de-lagriculture-urbaine-2\/#primaryimage","url":"https:\/\/terrescitoyennes.org\/wp-content\/uploads\/2021\/04\/48h_wordpress_1200x6281.jpg","contentUrl":"https:\/\/terrescitoyennes.org\/wp-content\/uploads\/2021\/04\/48h_wordpress_1200x6281.jpg","width":1200,"height":628},{"@type":"BreadcrumbList","@id":"https:\/\/terrescitoyennes.org\/index.php\/les-48h-de-lagriculture-urbaine-2\/#breadcrumb","itemListElement":[{"@type":"ListItem","position":1,"name":"Accueil","item":"https:\/\/terrescitoyennes.org\/"},{"@type":"ListItem","position":2,"name":"Les 48h de l&rsquo;agriculture urbaine"}]},{"@type":"WebSite","@id":"https:\/\/terrescitoyennes.org\/#website","url":"https:\/\/terrescitoyennes.org\/","name":"Terres Citoyennes Albigeoises","description":"","publisher":{"@id":"https:\/\/terrescitoyennes.org\/#organization"},"potentialAction":[{"@type":"SearchAction","target":{"@type":"EntryPoint","urlTemplate":"https:\/\/terrescitoyennes.org\/?s={search_term_string}"},"query-input":{"@type":"PropertyValueSpecification","valueRequired":true,"valueName":"search_term_string"}}],"inLanguage":"fr-FR"},{"@type":"Organization","@id":"https:\/\/terrescitoyennes.org\/#organization","name":"Terres Citoyennes Albigeoises","url":"https:\/\/terrescitoyennes.org\/","logo":{"@type":"ImageObject","inLanguage":"fr-FR","@id":"https:\/\/terrescitoyennes.org\/#\/schema\/logo\/image\/","url":"https:\/\/terrescitoyennes.org\/wp-content\/uploads\/2020\/05\/LOGO-TC-propo-01.png","contentUrl":"https:\/\/terrescitoyennes.org\/wp-content\/uploads\/2020\/05\/LOGO-TC-propo-01.png","width":519,"height":459,"caption":"Terres Citoyennes Albigeoises"},"image":{"@id":"https:\/\/terrescitoyennes.org\/#\/schema\/logo\/image\/"},"sameAs":["https:\/\/www.facebook.com\/Terres-citoyennes-albigeoises-513479312353377\/"]}]}},"_links":{"self":[{"href":"https:\/\/terrescitoyennes.org\/index.php\/wp-json\/wp\/v2\/pages\/2811"}],"collection":[{"href":"https:\/\/terrescitoyennes.org\/index.php\/wp-json\/wp\/v2\/pages"}],"about":[{"href":"https:\/\/terrescitoyennes.org\/index.php\/wp-json\/wp\/v2\/types\/page"}],"author":[{"embeddable":true,"href":"https:\/\/terrescitoyennes.org\/index.php\/wp-json\/wp\/v2\/users\/2"}],"replies":[{"embeddable":true,"href":"https:\/\/terrescitoyennes.org\/index.php\/wp-json\/wp\/v2\/comments?post=2811"}],"version-history":[{"count":4,"href":"https:\/\/terrescitoyennes.org\/index.php\/wp-json\/wp\/v2\/pages\/2811\/revisions"}],"predecessor-version":[{"id":2847,"href":"https:\/\/terrescitoyennes.org\/index.php\/wp-json\/wp\/v2\/pages\/2811\/revisions\/2847"}],"wp:featuredmedia":[{"embeddable":true,"href":"https:\/\/terrescitoyennes.org\/index.php\/wp-json\/wp\/v2\/media\/2848"}],"wp:attachment":[{"href":"https:\/\/terrescitoyennes.org\/index.php\/wp-json\/wp\/v2\/media?parent=2811"}],"curies":[{"name":"wp","href":"https:\/\/api.w.org\/{rel}","templated":true}]}}