{"id":74,"date":"2020-04-29T23:18:59","date_gmt":"2020-04-29T21:18:59","guid":{"rendered":"http:\/\/terrescitoyennes.org\/?page_id=74"},"modified":"2020-08-07T16:32:55","modified_gmt":"2020-08-07T14:32:55","slug":"nourrir-lalbigeois","status":"publish","type":"page","link":"https:\/\/terrescitoyennes.org\/index.php\/nos-projets\/nourrir-lalbigeois\/","title":{"rendered":"Nourrir l&rsquo;Albigeois&#8230;"},"content":{"rendered":"\n<p>Dans l\u2019Albigeois, d\u2019ici 5 ans, 1\/4 des agriculteurs seront en \u00e2ge de partir \u00e0 la retraite, dont 2\/3 n\u2019ont pas de succession assur\u00e9e&#8230;<\/p>\n\n\n\n<p>\nParall\u00e8lement,\nil va \u00eatre n\u00e9cessaire d\u2019engager une transition vers des syst\u00e8mes\nagricoles et alimentaires plus durables, plus r\u00e9silients, plus\nlocaux..<em>.<\/em><\/p>\n\n\n\n<p>Les transmissions de fermes vont donc bien souvent devoir se doubler de restructurations, int\u00e9grant \u00e0 la fois des changements de productions et de pratiques agricoles. Des montages financiers innovants vont \u00e9galement devoir \u00eatre imagin\u00e9s pour permettre l\u2019installation de porteuses et porteurs de projets non issu.e.s du milieu agricole, ne disposant pas du capital pour acheter leur ferme.<\/p>\n\n\n\n<p>Le projet de Terres citoyennes albigeoises est de contribuer \u00e0 r\u00e9pondre \u00e0 ces d\u00e9fis pour \u00ab\u00a0nourrir l\u2019Albigeois demain\u00a0\u00bb en proposant des op\u00e9rations tests, exemplaires et reproductibles\u00a0:<\/p>\n\n\n\n<ul><li>permettant de restructurer des exploitations pour les adapter \u00e0 une agriculture bio, paysanne, coop\u00e9rative et citoyenne\u00a0;<\/li><li>permettant ainsi l\u2019installation de productrices et producteurs, qui n\u2019auraient pas acc\u00e8s \u00e0 la terre,<\/li><li>cr\u00e9ant ainsi une dynamique susceptible de se d\u00e9multiplier dans le bassin de vie de l\u2019Albigeois, et de se d\u00e9velopper vers des projets coop\u00e9ratifs compl\u00e9mentaires (transformation, distribution&#8230;)<\/li><\/ul>\n\n\n\n<p><strong>Le p\u00e9rim\u00e8tre d\u2019intervention <\/strong>de Terres citoyennes albigeoises :<strong> le bassin de vie albigeois (environ 30 km autour d\u2019Albi)<\/strong><\/p>\n\n\n\n<p> Le 1<sup>er<\/sup> projet engag\u00e9 consiste \u00e0 investir la plaine de Lescure d\u2019Albigeois et \u00e0 y d\u00e9velopper un p\u00f4le mara\u00eecher.<\/p>\n\n\n\n<p>Au gr\u00e9 des opportunit\u00e9s, d\u2019autres projets sont susceptibles d\u2019\u00eatre engag\u00e9s prochainement sur d\u2019autres communes de l\u2019agglom\u00e9ration albigeoise, et plus largement du bassin de vie de l\u2019Albigeois  <\/p>\n\n\n\n<p> <strong>Une source d\u2019informations&nbsp;: le diagnostic agricole<\/strong><\/p>\n\n\n\n<p>\nD\u2019o\u00f9\nviennent les chiffres \u00e9nonc\u00e9s (1\/4 des exploitants d\u2019ici 5 ans en\n\u00e2ge de partir en retraite, dont 2\/3 sans succession assur\u00e9e)&nbsp;?<\/p>\n\n\n\n<p>\n&gt;\nIls viennent du diagnostic agricole r\u00e9alis\u00e9 pour la r\u00e9vision du\nPlan Local d\u2019Urbanisme Intercommunal de la communaut\u00e9\nd\u2019agglom\u00e9ration de l\u2019Albigeois.<\/p>\n\n\n\n<p>Ce diagnostic agricole comprend un rapport et un ensemble de cartes, qui constituent une base de connaissance du territoire, que nous pourrons utiliser pour d\u00e9velopper nos futurs projets.<\/p>\n","protected":false},"excerpt":{"rendered":"<p>Dans l\u2019Albigeois, d\u2019ici 5 ans, 1\/4 des agriculteurs seront en \u00e2ge de partir \u00e0 la retraite, dont 2\/3 n\u2019ont pas de succession assur\u00e9e&#8230; Parall\u00e8lement, il va \u00eatre n\u00e9cessaire d\u2019engager une transition vers des syst\u00e8mes agricoles et alimentaires plus durables, plus r\u00e9silients, plus locaux&#8230; Les transmissions de fermes vont donc bien souvent devoir se doubler de [&hellip;]<\/p>\n","protected":false},"author":2,"featured_media":0,"parent":40,"menu_order":0,"comment_status":"closed","ping_status":"closed","template":"","meta":{"footnotes":""},"yoast_head":"<!-- This site is optimized with the Yoast SEO plugin v23.5 - https:\/\/yoast.com\/wordpress\/plugins\/seo\/ -->\n<title>Nourrir l&#039;Albigeois... - Terres citoyennes albigeoises<\/title>\n<meta name=\"robots\" content=\"index, follow, max-snippet:-1, max-image-preview:large, max-video-preview:-1\" \/>\n<link rel=\"canonical\" href=\"https:\/\/terrescitoyennes.org\/index.php\/nos-projets\/nourrir-lalbigeois\/\" \/>\n<meta property=\"og:locale\" content=\"fr_FR\" \/>\n<meta property=\"og:type\" content=\"article\" \/>\n<meta property=\"og:title\" content=\"Nourrir l&#039;Albigeois... - Terres citoyennes albigeoises\" \/>\n<meta property=\"og:description\" content=\"Dans l\u2019Albigeois, d\u2019ici 5 ans, 1\/4 des agriculteurs seront en \u00e2ge de partir \u00e0 la retraite, dont 2\/3 n\u2019ont pas de succession assur\u00e9e&#8230; Parall\u00e8lement, il va \u00eatre n\u00e9cessaire d\u2019engager une transition vers des syst\u00e8mes agricoles et alimentaires plus durables, plus r\u00e9silients, plus locaux... Les transmissions de fermes vont donc bien souvent devoir se doubler de [&hellip;]\" \/>\n<meta property=\"og:url\" content=\"https:\/\/terrescitoyennes.org\/index.php\/nos-projets\/nourrir-lalbigeois\/\" \/>\n<meta property=\"og:site_name\" content=\"Terres citoyennes albigeoises\" \/>\n<meta property=\"article:publisher\" content=\"https:\/\/www.facebook.com\/Terres-citoyennes-albigeoises-513479312353377\/\" \/>\n<meta property=\"article:modified_time\" content=\"2020-08-07T14:32:55+00:00\" \/>\n<meta name=\"twitter:card\" content=\"summary_large_image\" \/>\n<meta name=\"twitter:label1\" content=\"Dur\u00e9e de lecture estim\u00e9e\" \/>\n\t<meta name=\"twitter:data1\" content=\"2 minutes\" \/>\n<script type=\"application\/ld+json\" class=\"yoast-schema-graph\">{\"@context\":\"https:\/\/schema.org\",\"@graph\":[{\"@type\":\"WebPage\",\"@id\":\"https:\/\/terrescitoyennes.org\/index.php\/nos-projets\/nourrir-lalbigeois\/\",\"url\":\"https:\/\/terrescitoyennes.org\/index.php\/nos-projets\/nourrir-lalbigeois\/\",\"name\":\"Nourrir l'Albigeois... - Terres citoyennes albigeoises\",\"isPartOf\":{\"@id\":\"https:\/\/terrescitoyennes.org\/#website\"},\"datePublished\":\"2020-04-29T21:18:59+00:00\",\"dateModified\":\"2020-08-07T14:32:55+00:00\",\"breadcrumb\":{\"@id\":\"https:\/\/terrescitoyennes.org\/index.php\/nos-projets\/nourrir-lalbigeois\/#breadcrumb\"},\"inLanguage\":\"fr-FR\",\"potentialAction\":[{\"@type\":\"ReadAction\",\"target\":[\"https:\/\/terrescitoyennes.org\/index.php\/nos-projets\/nourrir-lalbigeois\/\"]}]},{\"@type\":\"BreadcrumbList\",\"@id\":\"https:\/\/terrescitoyennes.org\/index.php\/nos-projets\/nourrir-lalbigeois\/#breadcrumb\",\"itemListElement\":[{\"@type\":\"ListItem\",\"position\":1,\"name\":\"Accueil\",\"item\":\"https:\/\/terrescitoyennes.org\/\"},{\"@type\":\"ListItem\",\"position\":2,\"name\":\"Nos projets\",\"item\":\"https:\/\/terrescitoyennes.org\/index.php\/nos-projets\/\"},{\"@type\":\"ListItem\",\"position\":3,\"name\":\"Nourrir l&rsquo;Albigeois&#8230;\"}]},{\"@type\":\"WebSite\",\"@id\":\"https:\/\/terrescitoyennes.org\/#website\",\"url\":\"https:\/\/terrescitoyennes.org\/\",\"name\":\"Terres Citoyennes Albigeoises\",\"description\":\"\",\"publisher\":{\"@id\":\"https:\/\/terrescitoyennes.org\/#organization\"},\"potentialAction\":[{\"@type\":\"SearchAction\",\"target\":{\"@type\":\"EntryPoint\",\"urlTemplate\":\"https:\/\/terrescitoyennes.org\/?s={search_term_string}\"},\"query-input\":{\"@type\":\"PropertyValueSpecification\",\"valueRequired\":true,\"valueName\":\"search_term_string\"}}],\"inLanguage\":\"fr-FR\"},{\"@type\":\"Organization\",\"@id\":\"https:\/\/terrescitoyennes.org\/#organization\",\"name\":\"Terres Citoyennes Albigeoises\",\"url\":\"https:\/\/terrescitoyennes.org\/\",\"logo\":{\"@type\":\"ImageObject\",\"inLanguage\":\"fr-FR\",\"@id\":\"https:\/\/terrescitoyennes.org\/#\/schema\/logo\/image\/\",\"url\":\"https:\/\/terrescitoyennes.org\/wp-content\/uploads\/2020\/05\/LOGO-TC-propo-01.png\",\"contentUrl\":\"https:\/\/terrescitoyennes.org\/wp-content\/uploads\/2020\/05\/LOGO-TC-propo-01.png\",\"width\":519,\"height\":459,\"caption\":\"Terres Citoyennes Albigeoises\"},\"image\":{\"@id\":\"https:\/\/terrescitoyennes.org\/#\/schema\/logo\/image\/\"},\"sameAs\":[\"https:\/\/www.facebook.com\/Terres-citoyennes-albigeoises-513479312353377\/\"]}]}<\/script>\n<!-- \/ Yoast SEO plugin. -->","yoast_head_json":{"title":"Nourrir l'Albigeois... - Terres citoyennes albigeoises","robots":{"index":"index","follow":"follow","max-snippet":"max-snippet:-1","max-image-preview":"max-image-preview:large","max-video-preview":"max-video-preview:-1"},"canonical":"https:\/\/terrescitoyennes.org\/index.php\/nos-projets\/nourrir-lalbigeois\/","og_locale":"fr_FR","og_type":"article","og_title":"Nourrir l'Albigeois... - Terres citoyennes albigeoises","og_description":"Dans l\u2019Albigeois, d\u2019ici 5 ans, 1\/4 des agriculteurs seront en \u00e2ge de partir \u00e0 la retraite, dont 2\/3 n\u2019ont pas de succession assur\u00e9e&#8230; Parall\u00e8lement, il va \u00eatre n\u00e9cessaire d\u2019engager une transition vers des syst\u00e8mes agricoles et alimentaires plus durables, plus r\u00e9silients, plus locaux... Les transmissions de fermes vont donc bien souvent devoir se doubler de [&hellip;]","og_url":"https:\/\/terrescitoyennes.org\/index.php\/nos-projets\/nourrir-lalbigeois\/","og_site_name":"Terres citoyennes albigeoises","article_publisher":"https:\/\/www.facebook.com\/Terres-citoyennes-albigeoises-513479312353377\/","article_modified_time":"2020-08-07T14:32:55+00:00","twitter_card":"summary_large_image","twitter_misc":{"Dur\u00e9e de lecture estim\u00e9e":"2 minutes"},"schema":{"@context":"https:\/\/schema.org","@graph":[{"@type":"WebPage","@id":"https:\/\/terrescitoyennes.org\/index.php\/nos-projets\/nourrir-lalbigeois\/","url":"https:\/\/terrescitoyennes.org\/index.php\/nos-projets\/nourrir-lalbigeois\/","name":"Nourrir l'Albigeois... - Terres citoyennes albigeoises","isPartOf":{"@id":"https:\/\/terrescitoyennes.org\/#website"},"datePublished":"2020-04-29T21:18:59+00:00","dateModified":"2020-08-07T14:32:55+00:00","breadcrumb":{"@id":"https:\/\/terrescitoyennes.org\/index.php\/nos-projets\/nourrir-lalbigeois\/#breadcrumb"},"inLanguage":"fr-FR","potentialAction":[{"@type":"ReadAction","target":["https:\/\/terrescitoyennes.org\/index.php\/nos-projets\/nourrir-lalbigeois\/"]}]},{"@type":"BreadcrumbList","@id":"https:\/\/terrescitoyennes.org\/index.php\/nos-projets\/nourrir-lalbigeois\/#breadcrumb","itemListElement":[{"@type":"ListItem","position":1,"name":"Accueil","item":"https:\/\/terrescitoyennes.org\/"},{"@type":"ListItem","position":2,"name":"Nos projets","item":"https:\/\/terrescitoyennes.org\/index.php\/nos-projets\/"},{"@type":"ListItem","position":3,"name":"Nourrir l&rsquo;Albigeois&#8230;"}]},{"@type":"WebSite","@id":"https:\/\/terrescitoyennes.org\/#website","url":"https:\/\/terrescitoyennes.org\/","name":"Terres Citoyennes Albigeoises","description":"","publisher":{"@id":"https:\/\/terrescitoyennes.org\/#organization"},"potentialAction":[{"@type":"SearchAction","target":{"@type":"EntryPoint","urlTemplate":"https:\/\/terrescitoyennes.org\/?s={search_term_string}"},"query-input":{"@type":"PropertyValueSpecification","valueRequired":true,"valueName":"search_term_string"}}],"inLanguage":"fr-FR"},{"@type":"Organization","@id":"https:\/\/terrescitoyennes.org\/#organization","name":"Terres Citoyennes Albigeoises","url":"https:\/\/terrescitoyennes.org\/","logo":{"@type":"ImageObject","inLanguage":"fr-FR","@id":"https:\/\/terrescitoyennes.org\/#\/schema\/logo\/image\/","url":"https:\/\/terrescitoyennes.org\/wp-content\/uploads\/2020\/05\/LOGO-TC-propo-01.png","contentUrl":"https:\/\/terrescitoyennes.org\/wp-content\/uploads\/2020\/05\/LOGO-TC-propo-01.png","width":519,"height":459,"caption":"Terres Citoyennes Albigeoises"},"image":{"@id":"https:\/\/terrescitoyennes.org\/#\/schema\/logo\/image\/"},"sameAs":["https:\/\/www.facebook.com\/Terres-citoyennes-albigeoises-513479312353377\/"]}]}},"_links":{"self":[{"href":"https:\/\/terrescitoyennes.org\/index.php\/wp-json\/wp\/v2\/pages\/74"}],"collection":[{"href":"https:\/\/terrescitoyennes.org\/index.php\/wp-json\/wp\/v2\/pages"}],"about":[{"href":"https:\/\/terrescitoyennes.org\/index.php\/wp-json\/wp\/v2\/types\/page"}],"author":[{"embeddable":true,"href":"https:\/\/terrescitoyennes.org\/index.php\/wp-json\/wp\/v2\/users\/2"}],"replies":[{"embeddable":true,"href":"https:\/\/terrescitoyennes.org\/index.php\/wp-json\/wp\/v2\/comments?post=74"}],"version-history":[{"count":7,"href":"https:\/\/terrescitoyennes.org\/index.php\/wp-json\/wp\/v2\/pages\/74\/revisions"}],"predecessor-version":[{"id":2263,"href":"https:\/\/terrescitoyennes.org\/index.php\/wp-json\/wp\/v2\/pages\/74\/revisions\/2263"}],"up":[{"embeddable":true,"href":"https:\/\/terrescitoyennes.org\/index.php\/wp-json\/wp\/v2\/pages\/40"}],"wp:attachment":[{"href":"https:\/\/terrescitoyennes.org\/index.php\/wp-json\/wp\/v2\/media?parent=74"}],"curies":[{"name":"wp","href":"https:\/\/api.w.org\/{rel}","templated":true}]}}