{"id":748,"date":"2018-05-31T10:40:48","date_gmt":"2018-05-31T08:40:48","guid":{"rendered":"http:\/\/albivillecomestible.fr\/?page_id=748"},"modified":"2020-08-07T14:16:57","modified_gmt":"2020-08-07T12:16:57","slug":"jeu-de-piste","status":"publish","type":"page","link":"https:\/\/terrescitoyennes.org\/index.php\/ceci-nest-pas-une-boite-rouge-ouverte\/jeu-de-piste\/","title":{"rendered":"Jeu de piste"},"content":{"rendered":"<p>Sur les traces de&#8230; ce qui n&rsquo;est pas une boite rouge ouverte&#8230;!<\/p>\n<p>Chaque jour, une nouvelle \u00e9tape, un nouveau lieu \u00e0 identifier\u00a0!<\/p>\n<p><img loading=\"lazy\" decoding=\"async\" class=\"alignleft\" src=\"http:\/\/albivillecomestible.fr\/wp-content\/uploads\/2018\/05\/Bac-300x225.jpg\" alt=\"\" width=\"300\" height=\"225\" \/><\/p>\n<p>1\u00e8re \u00e9tape : point de d\u00e9part (ou presque !) :\u00a0on est\u00a0devant l&rsquo;entr\u00e9e de la brasserie La Halte, place Jean Jaur\u00e8s, juste au dessus de l&#8217;emplacement initial de la boite, l\u00e0 o\u00f9 on a d\u00fb la d\u00e9loger, ce samedi 21 avril 2018, pendant les 48H de l&rsquo;agriculture urbaine,\u00a0pour construire un des bancs-bacs \u00e0 plantes comestibles\u00a0!<\/p>\n<p>&nbsp;<\/p>\n<p>&nbsp;<\/p>\n<p><img loading=\"lazy\" decoding=\"async\" class=\"alignleft\" src=\"http:\/\/albivillecomestible.fr\/wp-content\/uploads\/2018\/05\/BAL-300x225.jpg\" alt=\"\" width=\"300\" height=\"225\" \/>2\u00e8me \u00e9tape : sur une boite aux lettres : On est toujours adoss\u00e9 \u00e0 la brasserie La Halte, \u00e0 quelques m\u00e8tres du point de d\u00e9part.<\/p>\n<p>&nbsp;<\/p>\n<p>&nbsp;<\/p>\n<p>&nbsp;<\/p>\n<p>&nbsp;<\/p>\n<p><img loading=\"lazy\" decoding=\"async\" class=\"alignleft\" src=\"http:\/\/albivillecomestible.fr\/wp-content\/uploads\/2018\/05\/Buis-300x225.jpg\" alt=\"\" width=\"300\" height=\"225\" \/><\/p>\n<p>Cette fois-ci, on a quitt\u00e9 la place Jean Jaur\u00e8s&#8230; et on marque une petite pause sur les buis du jardin national&#8230;<\/p>\n<p>&nbsp;<\/p>\n<p>&nbsp;<\/p>\n<p>&nbsp;<\/p>\n<p>&nbsp;<\/p>\n<p><img loading=\"lazy\" decoding=\"async\" class=\"alignleft\" src=\"http:\/\/albivillecomestible.fr\/wp-content\/uploads\/2018\/05\/Eau-300x225.jpg\" alt=\"\" width=\"300\" height=\"225\" \/>avant de passer par\u00a0les fontaines de la place du Vigan !<\/p>\n<p>&nbsp;<\/p>\n<p>&nbsp;<\/p>\n<p>&nbsp;<\/p>\n<p>&nbsp;<\/p>\n<p>&nbsp;<\/p>\n<p><img loading=\"lazy\" decoding=\"async\" class=\"wp-image-750 size-medium alignleft\" src=\"http:\/\/albivillecomestible.fr\/wp-content\/uploads\/2018\/05\/Arbre-300x225.jpg\" alt=\"\" width=\"300\" height=\"225\" srcset=\"https:\/\/terrescitoyennes.org\/wp-content\/uploads\/2018\/05\/Arbre-300x225.jpg 300w, https:\/\/terrescitoyennes.org\/wp-content\/uploads\/2018\/05\/Arbre-768x576.jpg 768w, https:\/\/terrescitoyennes.org\/wp-content\/uploads\/2018\/05\/Arbre.jpg 1000w\" sizes=\"(max-width: 300px) 100vw, 300px\" \/>On entame un passage par le jardin du centre social de Lapanouse&#8230; sur les traces des jardins visit\u00e9s lors de la balade du dimanche 22 avril, \u00e0 l&rsquo;occasion des 48H de l&rsquo;agriculture urbaine&#8230;<\/p>\n<p>d&rsquo;abord en approche dans un arbre,<\/p>\n<p>&nbsp;<\/p>\n<p>&nbsp;<\/p>\n<p><img loading=\"lazy\" decoding=\"async\" class=\"alignleft wp-image-760 size-medium\" src=\"http:\/\/albivillecomestible.fr\/wp-content\/uploads\/2018\/05\/Jardin-300x225.jpg\" alt=\"\" width=\"300\" height=\"225\" srcset=\"https:\/\/terrescitoyennes.org\/wp-content\/uploads\/2018\/05\/Jardin-300x225.jpg 300w, https:\/\/terrescitoyennes.org\/wp-content\/uploads\/2018\/05\/Jardin-768x576.jpg 768w, https:\/\/terrescitoyennes.org\/wp-content\/uploads\/2018\/05\/Jardin.jpg 1000w\" sizes=\"(max-width: 300px) 100vw, 300px\" \/><\/p>\n<p>puis en escale sur le nouvel am\u00e9nagement \u00ab\u00a0escargot g\u00e9ant\u00a0\u00bb,<\/p>\n<p>&nbsp;<\/p>\n<p>&nbsp;<\/p>\n<p>&nbsp;<\/p>\n<p>&nbsp;<\/p>\n<p><img loading=\"lazy\" decoding=\"async\" class=\"alignleft wp-image-753 size-medium\" src=\"http:\/\/albivillecomestible.fr\/wp-content\/uploads\/2018\/05\/Banc-300x225.jpg\" alt=\"\" width=\"300\" height=\"225\" srcset=\"https:\/\/terrescitoyennes.org\/wp-content\/uploads\/2018\/05\/Banc-300x225.jpg 300w, https:\/\/terrescitoyennes.org\/wp-content\/uploads\/2018\/05\/Banc-768x576.jpg 768w, https:\/\/terrescitoyennes.org\/wp-content\/uploads\/2018\/05\/Banc.jpg 1000w\" sizes=\"(max-width: 300px) 100vw, 300px\" \/><\/p>\n<p>avant de marquer une pause sur un banc, en attendant le d\u00e9part pour la prochaine \u00e9tape&#8230;<\/p>\n<p>&nbsp;<\/p>\n<p>&nbsp;<\/p>\n<p>&nbsp;<\/p>\n<p>&nbsp;<\/p>\n<p><img loading=\"lazy\" decoding=\"async\" class=\"alignleft wp-image-749 size-medium\" src=\"http:\/\/albivillecomestible.fr\/wp-content\/uploads\/2018\/05\/55bis-300x225.jpg\" alt=\"\" width=\"300\" height=\"225\" srcset=\"https:\/\/terrescitoyennes.org\/wp-content\/uploads\/2018\/05\/55bis-300x225.jpg 300w, https:\/\/terrescitoyennes.org\/wp-content\/uploads\/2018\/05\/55bis-768x576.jpg 768w, https:\/\/terrescitoyennes.org\/wp-content\/uploads\/2018\/05\/55bis.jpg 1000w\" sizes=\"(max-width: 300px) 100vw, 300px\" \/><\/p>\n<p>Suite du parcours&#8230; On arrive au 55 bis rue Croix Verte, entre les deux boutiques Ici-m\u00eame ! Imagine&#8230;<\/p>\n<p>&nbsp;<\/p>\n<p>&nbsp;<\/p>\n<p>&nbsp;<\/p>\n<p>&nbsp;<\/p>\n<p><img loading=\"lazy\" decoding=\"async\" class=\"alignleft size-medium wp-image-757\" src=\"http:\/\/albivillecomestible.fr\/wp-content\/uploads\/2018\/05\/Casa-300x225.jpg\" alt=\"\" width=\"300\" height=\"225\" srcset=\"https:\/\/terrescitoyennes.org\/wp-content\/uploads\/2018\/05\/Casa-300x225.jpg 300w, https:\/\/terrescitoyennes.org\/wp-content\/uploads\/2018\/05\/Casa-768x576.jpg 768w, https:\/\/terrescitoyennes.org\/wp-content\/uploads\/2018\/05\/Casa.jpg 1000w\" sizes=\"(max-width: 300px) 100vw, 300px\" \/><\/p>\n<p>&#8230; un peu plus loin dans la rue Croix Verte,\u00a0 devant la fa\u00e7ade emball\u00e9e d&rsquo;aluminium, l&rsquo;oeuvre Casapellllum de Laurent Pernel.<\/p>\n<p>&nbsp;<\/p>\n<p>&nbsp;<\/p>\n<p>&nbsp;<\/p>\n<p>&nbsp;<\/p>\n<p><img loading=\"lazy\" decoding=\"async\" class=\"alignleft wp-image-762 size-medium\" src=\"http:\/\/albivillecomestible.fr\/wp-content\/uploads\/2018\/05\/Logos-300x225.jpg\" alt=\"\" width=\"300\" height=\"225\" srcset=\"https:\/\/terrescitoyennes.org\/wp-content\/uploads\/2018\/05\/Logos-300x225.jpg 300w, https:\/\/terrescitoyennes.org\/wp-content\/uploads\/2018\/05\/Logos-768x576.jpg 768w, https:\/\/terrescitoyennes.org\/wp-content\/uploads\/2018\/05\/Logos.jpg 1000w\" sizes=\"(max-width: 300px) 100vw, 300px\" \/><\/p>\n<p>Petite pause devant le cartel du centre d&rsquo;art Le LAIT \/ Ici m\u00eame !<\/p>\n<p>&nbsp;<\/p>\n<p>&nbsp;<\/p>\n<p>&nbsp;<\/p>\n<p>&nbsp;<\/p>\n<p><img loading=\"lazy\" decoding=\"async\" class=\"alignleft size-medium wp-image-756\" src=\"http:\/\/albivillecomestible.fr\/wp-content\/uploads\/2018\/05\/Carr\u00e9-300x225.jpg\" alt=\"\" width=\"300\" height=\"225\" srcset=\"https:\/\/terrescitoyennes.org\/wp-content\/uploads\/2018\/05\/Carr\u00e9-300x225.jpg 300w, https:\/\/terrescitoyennes.org\/wp-content\/uploads\/2018\/05\/Carr\u00e9-768x576.jpg 768w, https:\/\/terrescitoyennes.org\/wp-content\/uploads\/2018\/05\/Carr\u00e9.jpg 1000w\" sizes=\"(max-width: 300px) 100vw, 300px\" \/><\/p>\n<p>On prend la rue Jules Rolland, et on arrive devant l&rsquo;entr\u00e9e du Carr\u00e9 Public,\u00a0 qui est aussi le si\u00e8ge du centre d&rsquo;art Le LAIT !<\/p>\n<p>&nbsp;<\/p>\n<p>&nbsp;<\/p>\n<p>&nbsp;<\/p>\n<p><img loading=\"lazy\" decoding=\"async\" class=\"alignleft size-medium wp-image-764\" src=\"http:\/\/albivillecomestible.fr\/wp-content\/uploads\/2018\/05\/Seuil-300x225.jpg\" alt=\"\" width=\"300\" height=\"225\" srcset=\"https:\/\/terrescitoyennes.org\/wp-content\/uploads\/2018\/05\/Seuil-300x225.jpg 300w, https:\/\/terrescitoyennes.org\/wp-content\/uploads\/2018\/05\/Seuil-768x576.jpg 768w, https:\/\/terrescitoyennes.org\/wp-content\/uploads\/2018\/05\/Seuil.jpg 1000w\" sizes=\"(max-width: 300px) 100vw, 300px\" \/><\/p>\n<p>&#8230; avant de repartir pour le 13, rue de la R\u00e9publique, sur le pas de la porte d&rsquo;entr\u00e9e de la MJC d&rsquo;Albi, qui est aussi le si\u00e8ge d&rsquo;Albi Ville comestible&#8230; et c&rsquo;est l\u00e0 que, mardi 25 septembre \u00e0 partir de 18h30, nous parlerons de transition\u00a0 alimentaire locale !<\/p>\n","protected":false},"excerpt":{"rendered":"<p>Sur les traces de&#8230; ce qui n&rsquo;est pas une boite rouge ouverte&#8230;! Chaque jour, une nouvelle \u00e9tape, un nouveau lieu \u00e0 identifier\u00a0! 1\u00e8re \u00e9tape : point de d\u00e9part (ou presque !) :\u00a0on est\u00a0devant l&rsquo;entr\u00e9e de la brasserie La Halte, place Jean Jaur\u00e8s, juste au dessus de l&#8217;emplacement initial de la boite, l\u00e0 o\u00f9 on a [&hellip;]<\/p>\n","protected":false},"author":2,"featured_media":0,"parent":734,"menu_order":0,"comment_status":"closed","ping_status":"closed","template":"","meta":{"footnotes":""},"yoast_head":"<!-- This site is optimized with the Yoast SEO plugin v23.5 - https:\/\/yoast.com\/wordpress\/plugins\/seo\/ -->\n<title>Jeu de piste - Terres citoyennes albigeoises<\/title>\n<meta name=\"robots\" content=\"index, follow, max-snippet:-1, max-image-preview:large, max-video-preview:-1\" \/>\n<link rel=\"canonical\" href=\"https:\/\/terrescitoyennes.org\/index.php\/ceci-nest-pas-une-boite-rouge-ouverte\/jeu-de-piste\/\" \/>\n<meta property=\"og:locale\" content=\"fr_FR\" \/>\n<meta property=\"og:type\" content=\"article\" \/>\n<meta property=\"og:title\" content=\"Jeu de piste - Terres citoyennes albigeoises\" \/>\n<meta property=\"og:description\" content=\"Sur les traces de&#8230; ce qui n&rsquo;est pas une boite rouge ouverte&#8230;! Chaque jour, une nouvelle \u00e9tape, un nouveau lieu \u00e0 identifier\u00a0! 1\u00e8re \u00e9tape : point de d\u00e9part (ou presque !) :\u00a0on est\u00a0devant l&rsquo;entr\u00e9e de la brasserie La Halte, place Jean Jaur\u00e8s, juste au dessus de l&#8217;emplacement initial de la boite, l\u00e0 o\u00f9 on a [&hellip;]\" \/>\n<meta property=\"og:url\" content=\"https:\/\/terrescitoyennes.org\/index.php\/ceci-nest-pas-une-boite-rouge-ouverte\/jeu-de-piste\/\" \/>\n<meta property=\"og:site_name\" content=\"Terres citoyennes albigeoises\" \/>\n<meta property=\"article:publisher\" content=\"https:\/\/www.facebook.com\/Terres-citoyennes-albigeoises-513479312353377\/\" \/>\n<meta property=\"article:modified_time\" content=\"2020-08-07T12:16:57+00:00\" \/>\n<meta property=\"og:image\" content=\"http:\/\/albivillecomestible.fr\/wp-content\/uploads\/2018\/05\/Bac-300x225.jpg\" \/>\n<meta name=\"twitter:card\" content=\"summary_large_image\" \/>\n<meta name=\"twitter:label1\" content=\"Dur\u00e9e de lecture estim\u00e9e\" \/>\n\t<meta name=\"twitter:data1\" content=\"2 minutes\" \/>\n<script type=\"application\/ld+json\" class=\"yoast-schema-graph\">{\"@context\":\"https:\/\/schema.org\",\"@graph\":[{\"@type\":\"WebPage\",\"@id\":\"https:\/\/terrescitoyennes.org\/index.php\/ceci-nest-pas-une-boite-rouge-ouverte\/jeu-de-piste\/\",\"url\":\"https:\/\/terrescitoyennes.org\/index.php\/ceci-nest-pas-une-boite-rouge-ouverte\/jeu-de-piste\/\",\"name\":\"Jeu de piste - Terres citoyennes albigeoises\",\"isPartOf\":{\"@id\":\"https:\/\/terrescitoyennes.org\/#website\"},\"primaryImageOfPage\":{\"@id\":\"https:\/\/terrescitoyennes.org\/index.php\/ceci-nest-pas-une-boite-rouge-ouverte\/jeu-de-piste\/#primaryimage\"},\"image\":{\"@id\":\"https:\/\/terrescitoyennes.org\/index.php\/ceci-nest-pas-une-boite-rouge-ouverte\/jeu-de-piste\/#primaryimage\"},\"thumbnailUrl\":\"http:\/\/albivillecomestible.fr\/wp-content\/uploads\/2018\/05\/Bac-300x225.jpg\",\"datePublished\":\"2018-05-31T08:40:48+00:00\",\"dateModified\":\"2020-08-07T12:16:57+00:00\",\"breadcrumb\":{\"@id\":\"https:\/\/terrescitoyennes.org\/index.php\/ceci-nest-pas-une-boite-rouge-ouverte\/jeu-de-piste\/#breadcrumb\"},\"inLanguage\":\"fr-FR\",\"potentialAction\":[{\"@type\":\"ReadAction\",\"target\":[\"https:\/\/terrescitoyennes.org\/index.php\/ceci-nest-pas-une-boite-rouge-ouverte\/jeu-de-piste\/\"]}]},{\"@type\":\"ImageObject\",\"inLanguage\":\"fr-FR\",\"@id\":\"https:\/\/terrescitoyennes.org\/index.php\/ceci-nest-pas-une-boite-rouge-ouverte\/jeu-de-piste\/#primaryimage\",\"url\":\"http:\/\/albivillecomestible.fr\/wp-content\/uploads\/2018\/05\/Bac-300x225.jpg\",\"contentUrl\":\"http:\/\/albivillecomestible.fr\/wp-content\/uploads\/2018\/05\/Bac-300x225.jpg\"},{\"@type\":\"BreadcrumbList\",\"@id\":\"https:\/\/terrescitoyennes.org\/index.php\/ceci-nest-pas-une-boite-rouge-ouverte\/jeu-de-piste\/#breadcrumb\",\"itemListElement\":[{\"@type\":\"ListItem\",\"position\":1,\"name\":\"Accueil\",\"item\":\"https:\/\/terrescitoyennes.org\/\"},{\"@type\":\"ListItem\",\"position\":2,\"name\":\"&#8211; Ceci n&rsquo;est pas une boite rouge ouverte !\",\"item\":\"https:\/\/terrescitoyennes.org\/index.php\/ceci-nest-pas-une-boite-rouge-ouverte\/\"},{\"@type\":\"ListItem\",\"position\":3,\"name\":\"Jeu de piste\"}]},{\"@type\":\"WebSite\",\"@id\":\"https:\/\/terrescitoyennes.org\/#website\",\"url\":\"https:\/\/terrescitoyennes.org\/\",\"name\":\"Terres Citoyennes Albigeoises\",\"description\":\"\",\"publisher\":{\"@id\":\"https:\/\/terrescitoyennes.org\/#organization\"},\"potentialAction\":[{\"@type\":\"SearchAction\",\"target\":{\"@type\":\"EntryPoint\",\"urlTemplate\":\"https:\/\/terrescitoyennes.org\/?s={search_term_string}\"},\"query-input\":{\"@type\":\"PropertyValueSpecification\",\"valueRequired\":true,\"valueName\":\"search_term_string\"}}],\"inLanguage\":\"fr-FR\"},{\"@type\":\"Organization\",\"@id\":\"https:\/\/terrescitoyennes.org\/#organization\",\"name\":\"Terres Citoyennes Albigeoises\",\"url\":\"https:\/\/terrescitoyennes.org\/\",\"logo\":{\"@type\":\"ImageObject\",\"inLanguage\":\"fr-FR\",\"@id\":\"https:\/\/terrescitoyennes.org\/#\/schema\/logo\/image\/\",\"url\":\"https:\/\/terrescitoyennes.org\/wp-content\/uploads\/2020\/05\/LOGO-TC-propo-01.png\",\"contentUrl\":\"https:\/\/terrescitoyennes.org\/wp-content\/uploads\/2020\/05\/LOGO-TC-propo-01.png\",\"width\":519,\"height\":459,\"caption\":\"Terres Citoyennes Albigeoises\"},\"image\":{\"@id\":\"https:\/\/terrescitoyennes.org\/#\/schema\/logo\/image\/\"},\"sameAs\":[\"https:\/\/www.facebook.com\/Terres-citoyennes-albigeoises-513479312353377\/\"]}]}<\/script>\n<!-- \/ Yoast SEO plugin. -->","yoast_head_json":{"title":"Jeu de piste - Terres citoyennes albigeoises","robots":{"index":"index","follow":"follow","max-snippet":"max-snippet:-1","max-image-preview":"max-image-preview:large","max-video-preview":"max-video-preview:-1"},"canonical":"https:\/\/terrescitoyennes.org\/index.php\/ceci-nest-pas-une-boite-rouge-ouverte\/jeu-de-piste\/","og_locale":"fr_FR","og_type":"article","og_title":"Jeu de piste - Terres citoyennes albigeoises","og_description":"Sur les traces de&#8230; ce qui n&rsquo;est pas une boite rouge ouverte&#8230;! Chaque jour, une nouvelle \u00e9tape, un nouveau lieu \u00e0 identifier\u00a0! 1\u00e8re \u00e9tape : point de d\u00e9part (ou presque !) :\u00a0on est\u00a0devant l&rsquo;entr\u00e9e de la brasserie La Halte, place Jean Jaur\u00e8s, juste au dessus de l&#8217;emplacement initial de la boite, l\u00e0 o\u00f9 on a [&hellip;]","og_url":"https:\/\/terrescitoyennes.org\/index.php\/ceci-nest-pas-une-boite-rouge-ouverte\/jeu-de-piste\/","og_site_name":"Terres citoyennes albigeoises","article_publisher":"https:\/\/www.facebook.com\/Terres-citoyennes-albigeoises-513479312353377\/","article_modified_time":"2020-08-07T12:16:57+00:00","og_image":[{"url":"http:\/\/albivillecomestible.fr\/wp-content\/uploads\/2018\/05\/Bac-300x225.jpg"}],"twitter_card":"summary_large_image","twitter_misc":{"Dur\u00e9e de lecture estim\u00e9e":"2 minutes"},"schema":{"@context":"https:\/\/schema.org","@graph":[{"@type":"WebPage","@id":"https:\/\/terrescitoyennes.org\/index.php\/ceci-nest-pas-une-boite-rouge-ouverte\/jeu-de-piste\/","url":"https:\/\/terrescitoyennes.org\/index.php\/ceci-nest-pas-une-boite-rouge-ouverte\/jeu-de-piste\/","name":"Jeu de piste - Terres citoyennes albigeoises","isPartOf":{"@id":"https:\/\/terrescitoyennes.org\/#website"},"primaryImageOfPage":{"@id":"https:\/\/terrescitoyennes.org\/index.php\/ceci-nest-pas-une-boite-rouge-ouverte\/jeu-de-piste\/#primaryimage"},"image":{"@id":"https:\/\/terrescitoyennes.org\/index.php\/ceci-nest-pas-une-boite-rouge-ouverte\/jeu-de-piste\/#primaryimage"},"thumbnailUrl":"http:\/\/albivillecomestible.fr\/wp-content\/uploads\/2018\/05\/Bac-300x225.jpg","datePublished":"2018-05-31T08:40:48+00:00","dateModified":"2020-08-07T12:16:57+00:00","breadcrumb":{"@id":"https:\/\/terrescitoyennes.org\/index.php\/ceci-nest-pas-une-boite-rouge-ouverte\/jeu-de-piste\/#breadcrumb"},"inLanguage":"fr-FR","potentialAction":[{"@type":"ReadAction","target":["https:\/\/terrescitoyennes.org\/index.php\/ceci-nest-pas-une-boite-rouge-ouverte\/jeu-de-piste\/"]}]},{"@type":"ImageObject","inLanguage":"fr-FR","@id":"https:\/\/terrescitoyennes.org\/index.php\/ceci-nest-pas-une-boite-rouge-ouverte\/jeu-de-piste\/#primaryimage","url":"http:\/\/albivillecomestible.fr\/wp-content\/uploads\/2018\/05\/Bac-300x225.jpg","contentUrl":"http:\/\/albivillecomestible.fr\/wp-content\/uploads\/2018\/05\/Bac-300x225.jpg"},{"@type":"BreadcrumbList","@id":"https:\/\/terrescitoyennes.org\/index.php\/ceci-nest-pas-une-boite-rouge-ouverte\/jeu-de-piste\/#breadcrumb","itemListElement":[{"@type":"ListItem","position":1,"name":"Accueil","item":"https:\/\/terrescitoyennes.org\/"},{"@type":"ListItem","position":2,"name":"&#8211; Ceci n&rsquo;est pas une boite rouge ouverte !","item":"https:\/\/terrescitoyennes.org\/index.php\/ceci-nest-pas-une-boite-rouge-ouverte\/"},{"@type":"ListItem","position":3,"name":"Jeu de piste"}]},{"@type":"WebSite","@id":"https:\/\/terrescitoyennes.org\/#website","url":"https:\/\/terrescitoyennes.org\/","name":"Terres Citoyennes Albigeoises","description":"","publisher":{"@id":"https:\/\/terrescitoyennes.org\/#organization"},"potentialAction":[{"@type":"SearchAction","target":{"@type":"EntryPoint","urlTemplate":"https:\/\/terrescitoyennes.org\/?s={search_term_string}"},"query-input":{"@type":"PropertyValueSpecification","valueRequired":true,"valueName":"search_term_string"}}],"inLanguage":"fr-FR"},{"@type":"Organization","@id":"https:\/\/terrescitoyennes.org\/#organization","name":"Terres Citoyennes Albigeoises","url":"https:\/\/terrescitoyennes.org\/","logo":{"@type":"ImageObject","inLanguage":"fr-FR","@id":"https:\/\/terrescitoyennes.org\/#\/schema\/logo\/image\/","url":"https:\/\/terrescitoyennes.org\/wp-content\/uploads\/2020\/05\/LOGO-TC-propo-01.png","contentUrl":"https:\/\/terrescitoyennes.org\/wp-content\/uploads\/2020\/05\/LOGO-TC-propo-01.png","width":519,"height":459,"caption":"Terres Citoyennes Albigeoises"},"image":{"@id":"https:\/\/terrescitoyennes.org\/#\/schema\/logo\/image\/"},"sameAs":["https:\/\/www.facebook.com\/Terres-citoyennes-albigeoises-513479312353377\/"]}]}},"_links":{"self":[{"href":"https:\/\/terrescitoyennes.org\/index.php\/wp-json\/wp\/v2\/pages\/748"}],"collection":[{"href":"https:\/\/terrescitoyennes.org\/index.php\/wp-json\/wp\/v2\/pages"}],"about":[{"href":"https:\/\/terrescitoyennes.org\/index.php\/wp-json\/wp\/v2\/types\/page"}],"author":[{"embeddable":true,"href":"https:\/\/terrescitoyennes.org\/index.php\/wp-json\/wp\/v2\/users\/2"}],"replies":[{"embeddable":true,"href":"https:\/\/terrescitoyennes.org\/index.php\/wp-json\/wp\/v2\/comments?post=748"}],"version-history":[{"count":2,"href":"https:\/\/terrescitoyennes.org\/index.php\/wp-json\/wp\/v2\/pages\/748\/revisions"}],"predecessor-version":[{"id":2170,"href":"https:\/\/terrescitoyennes.org\/index.php\/wp-json\/wp\/v2\/pages\/748\/revisions\/2170"}],"up":[{"embeddable":true,"href":"https:\/\/terrescitoyennes.org\/index.php\/wp-json\/wp\/v2\/pages\/734"}],"wp:attachment":[{"href":"https:\/\/terrescitoyennes.org\/index.php\/wp-json\/wp\/v2\/media?parent=748"}],"curies":[{"name":"wp","href":"https:\/\/api.w.org\/{rel}","templated":true}]}}