{"id":76,"date":"2020-04-29T23:20:16","date_gmt":"2020-04-29T21:20:16","guid":{"rendered":"http:\/\/terrescitoyennes.org\/?page_id=76"},"modified":"2026-03-11T18:46:33","modified_gmt":"2026-03-11T17:46:33","slug":"prendre-des-parts","status":"publish","type":"page","link":"https:\/\/terrescitoyennes.org\/index.php\/participer\/prendre-des-parts\/","title":{"rendered":"Prendre des parts sociales de la SCIC"},"content":{"rendered":"\n<p>La SCIC Terres citoyennes albigeoises fonctionne gr\u00e2ce \u00e0 <strong><a rel=\"noreferrer noopener\" aria-label=\"l\u2019\u00e9pargne solidaire (s\u2019ouvre dans un nouvel onglet)\" href=\"https:\/\/fr.wikipedia.org\/wiki\/%C3%89pargne_solidaire\" target=\"_blank\">l\u2019\u00e9pargne solidaire.<\/a><\/strong><\/p>\n\n\n\n<p>\nEn\nsouscrivant des parts sociales&nbsp;:<\/p>\n\n\n\n<ul>\n<li>Vous contribuez \u00e0 sortir des terres agricoles de la sp\u00e9culation et \u00e0 en faire des biens communs, \u00e0 d\u00e9velopper une agriculture paysanne et bio, \u00e0 nourrir la ville en circuits courts, \u00e0 d\u00e9velopper une \u00e9conomie locale et circulaire, \u00e0 prot\u00e9ger la biodiversit\u00e9&#8230;<\/li>\n\n\n\n<li>Vous savez \u00e0 quoi servira votre argent et vous pouvez participer aux d\u00e9cisions prises ; <\/li>\n\n\n\n<li>Enfin, vous pouvez b\u00e9n\u00e9ficier d\u2019avantages fiscaux : une r\u00e9duction d\u2019imp\u00f4t sur le revenu de <strong>18%<\/strong> du montant souscrit, en cas d\u2019engagement \u00e0 conserver vos parts sociales au moins 7 ans avant remboursement, gr\u00e2ce \u00e0 l\u2019agr\u00e9ment ESUS (Entreprise Solidaire d\u2019Utilit\u00e9 Sociale) dont Terres citoyennes albigeoises b\u00e9n\u00e9ficie depuis d\u00e9cembre 2019.<\/li>\n<\/ul>\n\n\n<div class=\"wp-block-image\">\n<figure class=\"aligncenter is-resized\"><img loading=\"lazy\" decoding=\"async\" width=\"604\" height=\"550\" src=\"https:\/\/terrescitoyennes.org\/wp-content\/uploads\/2020\/06\/logo-ESUS.png\" alt=\"\" class=\"wp-image-344\" style=\"width:208px;height:190px\" srcset=\"https:\/\/terrescitoyennes.org\/wp-content\/uploads\/2020\/06\/logo-ESUS.png 604w, https:\/\/terrescitoyennes.org\/wp-content\/uploads\/2020\/06\/logo-ESUS-300x273.png 300w\" sizes=\"(max-width: 604px) 100vw, 604px\" \/><\/figure><\/div>\n\n\n<h4 class=\"wp-block-heading\"> Comment souscrire ?<\/h4>\n\n\n\n<p>Pour souscrire des parts&nbsp;: il vous faut remplir le bulletin de souscription et l\u2019envoyer en format papier ou par mail apr\u00e8s l\u2019avoir scann\u00e9, et transmettre le r\u00e8glement par ch\u00e8que ou par virement. La soci\u00e9t\u00e9 confirmera alors la souscription en \u00e9mettant un re\u00e7u.<\/p>\n\n\n\n<div class=\"wp-block-file\"><a id=\"wp-block-file--media-7cc40f7e-b9a5-4471-89a4-6dbe495e0348\" href=\"https:\/\/terrescitoyennes.org\/wp-content\/uploads\/2026\/03\/Bulletin-de-souscription-PP.pdf\">Bulletin de souscription PP<\/a><a href=\"https:\/\/terrescitoyennes.org\/wp-content\/uploads\/2026\/03\/Bulletin-de-souscription-PP.pdf\" class=\"wp-block-file__button wp-element-button\" download aria-describedby=\"wp-block-file--media-7cc40f7e-b9a5-4471-89a4-6dbe495e0348\">T\u00e9l\u00e9charger<\/a><\/div>\n\n\n\n<div class=\"wp-block-file\"><a id=\"wp-block-file--media-95ec0f87-52cb-4fc6-bcec-85a330770790\" href=\"https:\/\/terrescitoyennes.org\/wp-content\/uploads\/2026\/03\/Bulletin-de-souscription-PM.pdf\">Bulletin de souscription PM<\/a><a href=\"https:\/\/terrescitoyennes.org\/wp-content\/uploads\/2026\/03\/Bulletin-de-souscription-PM.pdf\" class=\"wp-block-file__button wp-element-button\" download aria-describedby=\"wp-block-file--media-95ec0f87-52cb-4fc6-bcec-85a330770790\">T\u00e9l\u00e9charger<\/a><\/div>\n\n\n\n<div class=\"wp-block-file\"><a id=\"wp-block-file--media-d5f15d6f-a8f2-45f2-bd6e-c0b8a4785253\" href=\"https:\/\/terrescitoyennes.org\/wp-content\/uploads\/2026\/03\/TCA-DIS.pdf\">TCA &#8211; DIS<\/a><a href=\"https:\/\/terrescitoyennes.org\/wp-content\/uploads\/2026\/03\/TCA-DIS.pdf\" class=\"wp-block-file__button wp-element-button\" download aria-describedby=\"wp-block-file--media-d5f15d6f-a8f2-45f2-bd6e-c0b8a4785253\">T\u00e9l\u00e9charger<\/a><\/div>\n\n\n\n<div class=\"wp-block-file\"><a id=\"wp-block-file--media-42273393-f8ad-4229-955b-9de28dbc5c2c\" href=\"https:\/\/terrescitoyennes.org\/wp-content\/uploads\/2026\/03\/TCA-DIS-avec-annexes.pdf\">TCA &#8211; DIS avec annexes<\/a><a href=\"https:\/\/terrescitoyennes.org\/wp-content\/uploads\/2026\/03\/TCA-DIS-avec-annexes.pdf\" class=\"wp-block-file__button wp-element-button\" download aria-describedby=\"wp-block-file--media-42273393-f8ad-4229-955b-9de28dbc5c2c\">T\u00e9l\u00e9charger<\/a><\/div>\n\n\n\n<p>et de mani\u00e8re plus g\u00e9n\u00e9rale : <a href=\"https:\/\/terrescitoyennes.org\/index.php\/souscription-de-parts-sociales\/\"><strong>l&rsquo;ensemble de la documentation est accessible ici<\/strong><\/a><strong>.<\/strong><\/p>\n\n\n\n<h4 class=\"wp-block-heading\">Pour quel montant et quelle dur\u00e9e ?<\/h4>\n\n\n\n<p> &#8211; Chaque part sociale vaut 100 euros. Vous pouvez souscrire le nombre de part que vous souhaitez. En plus du montant des parts souscrites, il vous est demand\u00e9 une participation aux frais de gestion\u00a0: 3 \u20ac par part sociale (sauf si vous aviez d\u00e9j\u00e0 souscrit des parts sociales au 31.12.2025, auquel cas vous \u00eates exon\u00e9r\u00e9 de frais de gestion).<\/p>\n\n\n\n<p>&#8211; Il n\u2019y a pas de dur\u00e9e de placement obligatoire&nbsp;: toute personne peut d\u00e9cider de r\u00e9cup\u00e9rer l\u2019argent plac\u00e9 lorsqu\u2019elle le souhaite, avec cependant des d\u00e9lais \u00e0 respecter&nbsp;: demande avant le 31 d\u00e9cembre de l\u2019ann\u00e9e n pour obtenir le remboursement de ses parts en juin de l\u2019ann\u00e9e n+1 (apr\u00e8s la tenue de l\u2019Assembl\u00e9e G\u00e9n\u00e9rale approuvant les comptes de l\u2019ann\u00e9e n). Les personnes ayant b\u00e9n\u00e9fici\u00e9 d\u2019une r\u00e9duction d\u2019imp\u00f4t sur le revenu sont tenues de conserver leurs actions pendant au moins 5 ans (en cas de revente \u00e0 un tiers) ou 7 ans (en cas de remboursement).<\/p>\n\n\n\n<h4 class=\"wp-block-heading\">Avantages fiscaux \/ r\u00e9duction d\u2019imp\u00f4t&nbsp;: quelles conditions ?<\/h4>\n\n\n\n<p> La r\u00e8glementation fiscale permet de vous faire b\u00e9n\u00e9ficier, si vous le souhaitez, d\u2019une r\u00e9duction d\u2019imp\u00f4t sur les revenus de 18% du montant souscrit, dans les conditions suivantes :<\/p>\n\n\n\n<ul>\n<li> Les parts sociales faisant l\u2019objet du re\u00e7u fiscal doivent \u00eatre conserv\u00e9es pendant au moins 5 ans (en cas de revente \u00e0 un tiers) ou 7 ans (en cas de remboursement) ; <\/li>\n\n\n\n<li> Pour les anciens soci\u00e9taires, cette r\u00e9duction d\u2019imp\u00f4t n\u2019est possible que s\u2019ils ou elles ont b\u00e9n\u00e9fici\u00e9 d\u2019une r\u00e9duction d\u2019imp\u00f4t sur le revenu pour une souscription initiale ; <\/li>\n\n\n\n<li> Les versements et le montant des r\u00e9ductions d\u2019imp\u00f4ts sont plafonn\u00e9s. <\/li>\n\n\n\n<li> Il s\u2019agit d\u2019une r\u00e9duction d\u2019imp\u00f4t et non d\u2019un cr\u00e9dit d\u2019imp\u00f4t : elle est donc plafonn\u00e9e au montant de votre imp\u00f4t, et l\u2019exc\u00e9dent ne peut pas \u00eatre report\u00e9 sur les ann\u00e9es suivantes. <\/li>\n<\/ul>\n\n\n\n<p> <em>Pour en savoir plus\u00a0: la notice fiscale explicative est<\/em><a href=\"https:\/\/terrescitoyennes.org\/wp-content\/uploads\/2022\/01\/Notice-fiscale-2022-01-30.pdf\" target=\"_blank\" rel=\"noreferrer noopener\"><em> <\/em><\/a><em><a href=\"https:\/\/terrescitoyennes.org\/wp-content\/uploads\/2026\/03\/Notice-fiscale-2026-03.pdf\">ici<\/a><\/em><\/p>\n\n\n\n<h4 class=\"wp-block-heading\">A quoi servira mon \u00e9pargne&nbsp;? Comment pourrais-je le suivre ?<\/h4>\n\n\n\n<p> L\u2019objectif de l&rsquo;offre de souscription en cours jusqu\u2019\u00e0 fin 2026, est de collecter un montant de 50 000 \u20ac.<\/p>\n\n\n\n<p> La totalit\u00e9 de cette \u00e9pargne collect\u00e9e sera utilis\u00e9e pour des investissements : achat de terres, construction de b\u00e2timent, am\u00e9nagement d&rsquo;installations d&rsquo;irrigation, plantation de haies, et le cas \u00e9ch\u00e9ant achat de mat\u00e9riel. <\/p>\n\n\n\n<p> La 1\u00e8re op\u00e9ration porte sur le p\u00f4le mara\u00eecher de Lescure d\u2019Albigeois. <\/p>\n\n\n\n<p> D&rsquo;autres op\u00e9rations sont \u00e0 l&rsquo;\u00e9tude, dans le bassin de vie de l&rsquo;Albigeois (c&rsquo;est \u00e0 dire dans un p\u00e9rim\u00e8tre d&rsquo;environ 30 km autour d&rsquo;Albi).<\/p>\n\n\n\n<p> La r\u00e9partition pr\u00e9visionnelle des investissements est la suivante&nbsp;:<\/p>\n\n\n\n<ul>\n<li>provision pour acquisitions fonci\u00e8res : 15 000 \u20ac<\/li>\n\n\n\n<li>am\u00e9nagement du b\u00e2timent mutualis\u00e9 (Lescure) : 25 000 \u20ac<\/li>\n\n\n\n<li>acquisition de mat\u00e9riel agricole : 10 000 \u20ac<\/li>\n<\/ul>\n\n\n\n<p>\nChaque\nann\u00e9e, le Conseil d\u2019administration de la Soci\u00e9t\u00e9 Terres\ncitoyennes albigeoises \u00e9tablit un bilan, qui est pr\u00e9sent\u00e9 et\nsoumis au vote des associ\u00e9.e.s en Assembl\u00e9e G\u00e9n\u00e9rale. \n<\/p>\n\n\n\n<p> Apr\u00e8s avoir souscrit une ou plusieurs parts sociales, vous avez ainsi la garantie d\u2019\u00eatre inform\u00e9.e au moins une fois par an de l\u2019utilisation du capital de la soci\u00e9t\u00e9, et de pouvoir prendre part aux d\u00e9cisions soumises au vote en Assembl\u00e9e G\u00e9n\u00e9rale.<\/p>\n\n\n\n<p>De plus, vous recevrez r\u00e9guli\u00e8rement une lettre d\u2019information pour vous tenir inform\u00e9.e.s des avanc\u00e9es des projets en cours et vous serez invit\u00e9.e.s \/ les bienvenu.e.s aux r\u00e9unions mensuelles de Terres citoyennes albigeoises.<\/p>\n\n\n\n\n\n<p><\/p>\n\n\n\n<p><\/p>\n\n\n\n<p><\/p>\n\n\n\n<p><\/p>\n","protected":false},"excerpt":{"rendered":"<p>La SCIC Terres citoyennes albigeoises fonctionne gr\u00e2ce \u00e0 l\u2019\u00e9pargne solidaire. En souscrivant des parts sociales&nbsp;: Comment souscrire ? Pour souscrire des parts&nbsp;: il vous faut remplir le bulletin de souscription et l\u2019envoyer en format papier ou par mail apr\u00e8s l\u2019avoir scann\u00e9, et transmettre le r\u00e8glement par ch\u00e8que ou par virement. La soci\u00e9t\u00e9 confirmera alors la [&hellip;]<\/p>\n","protected":false},"author":2,"featured_media":0,"parent":42,"menu_order":0,"comment_status":"closed","ping_status":"closed","template":"","meta":{"footnotes":""},"yoast_head":"<!-- This site is optimized with the Yoast SEO plugin v23.5 - https:\/\/yoast.com\/wordpress\/plugins\/seo\/ -->\n<title>Prendre des parts sociales de la SCIC - Terres citoyennes albigeoises<\/title>\n<meta name=\"robots\" content=\"index, follow, max-snippet:-1, max-image-preview:large, max-video-preview:-1\" \/>\n<link rel=\"canonical\" href=\"https:\/\/terrescitoyennes.org\/index.php\/participer\/prendre-des-parts\/\" \/>\n<meta property=\"og:locale\" content=\"fr_FR\" \/>\n<meta property=\"og:type\" content=\"article\" \/>\n<meta property=\"og:title\" content=\"Prendre des parts sociales de la SCIC - Terres citoyennes albigeoises\" \/>\n<meta property=\"og:description\" content=\"La SCIC Terres citoyennes albigeoises fonctionne gr\u00e2ce \u00e0 l\u2019\u00e9pargne solidaire. En souscrivant des parts sociales&nbsp;: Comment souscrire ? Pour souscrire des parts&nbsp;: il vous faut remplir le bulletin de souscription et l\u2019envoyer en format papier ou par mail apr\u00e8s l\u2019avoir scann\u00e9, et transmettre le r\u00e8glement par ch\u00e8que ou par virement. La soci\u00e9t\u00e9 confirmera alors la [&hellip;]\" \/>\n<meta property=\"og:url\" content=\"https:\/\/terrescitoyennes.org\/index.php\/participer\/prendre-des-parts\/\" \/>\n<meta property=\"og:site_name\" content=\"Terres citoyennes albigeoises\" \/>\n<meta property=\"article:publisher\" content=\"https:\/\/www.facebook.com\/Terres-citoyennes-albigeoises-513479312353377\/\" \/>\n<meta property=\"article:modified_time\" content=\"2026-03-11T17:46:33+00:00\" \/>\n<meta property=\"og:image\" content=\"https:\/\/terrescitoyennes.org\/wp-content\/uploads\/2020\/06\/logo-ESUS.png\" \/>\n<meta name=\"twitter:card\" content=\"summary_large_image\" \/>\n<meta name=\"twitter:label1\" content=\"Dur\u00e9e de lecture estim\u00e9e\" \/>\n\t<meta name=\"twitter:data1\" content=\"5 minutes\" \/>\n<script type=\"application\/ld+json\" class=\"yoast-schema-graph\">{\"@context\":\"https:\/\/schema.org\",\"@graph\":[{\"@type\":\"WebPage\",\"@id\":\"https:\/\/terrescitoyennes.org\/index.php\/participer\/prendre-des-parts\/\",\"url\":\"https:\/\/terrescitoyennes.org\/index.php\/participer\/prendre-des-parts\/\",\"name\":\"Prendre des parts sociales de la SCIC - Terres citoyennes albigeoises\",\"isPartOf\":{\"@id\":\"https:\/\/terrescitoyennes.org\/#website\"},\"primaryImageOfPage\":{\"@id\":\"https:\/\/terrescitoyennes.org\/index.php\/participer\/prendre-des-parts\/#primaryimage\"},\"image\":{\"@id\":\"https:\/\/terrescitoyennes.org\/index.php\/participer\/prendre-des-parts\/#primaryimage\"},\"thumbnailUrl\":\"https:\/\/terrescitoyennes.org\/wp-content\/uploads\/2020\/06\/logo-ESUS.png\",\"datePublished\":\"2020-04-29T21:20:16+00:00\",\"dateModified\":\"2026-03-11T17:46:33+00:00\",\"breadcrumb\":{\"@id\":\"https:\/\/terrescitoyennes.org\/index.php\/participer\/prendre-des-parts\/#breadcrumb\"},\"inLanguage\":\"fr-FR\",\"potentialAction\":[{\"@type\":\"ReadAction\",\"target\":[\"https:\/\/terrescitoyennes.org\/index.php\/participer\/prendre-des-parts\/\"]}]},{\"@type\":\"ImageObject\",\"inLanguage\":\"fr-FR\",\"@id\":\"https:\/\/terrescitoyennes.org\/index.php\/participer\/prendre-des-parts\/#primaryimage\",\"url\":\"https:\/\/terrescitoyennes.org\/wp-content\/uploads\/2020\/06\/logo-ESUS.png\",\"contentUrl\":\"https:\/\/terrescitoyennes.org\/wp-content\/uploads\/2020\/06\/logo-ESUS.png\",\"width\":604,\"height\":550},{\"@type\":\"BreadcrumbList\",\"@id\":\"https:\/\/terrescitoyennes.org\/index.php\/participer\/prendre-des-parts\/#breadcrumb\",\"itemListElement\":[{\"@type\":\"ListItem\",\"position\":1,\"name\":\"Accueil\",\"item\":\"https:\/\/terrescitoyennes.org\/\"},{\"@type\":\"ListItem\",\"position\":2,\"name\":\"Nous rejoindre\",\"item\":\"https:\/\/terrescitoyennes.org\/index.php\/participer\/\"},{\"@type\":\"ListItem\",\"position\":3,\"name\":\"Prendre des parts sociales de la SCIC\"}]},{\"@type\":\"WebSite\",\"@id\":\"https:\/\/terrescitoyennes.org\/#website\",\"url\":\"https:\/\/terrescitoyennes.org\/\",\"name\":\"Terres Citoyennes Albigeoises\",\"description\":\"\",\"publisher\":{\"@id\":\"https:\/\/terrescitoyennes.org\/#organization\"},\"potentialAction\":[{\"@type\":\"SearchAction\",\"target\":{\"@type\":\"EntryPoint\",\"urlTemplate\":\"https:\/\/terrescitoyennes.org\/?s={search_term_string}\"},\"query-input\":{\"@type\":\"PropertyValueSpecification\",\"valueRequired\":true,\"valueName\":\"search_term_string\"}}],\"inLanguage\":\"fr-FR\"},{\"@type\":\"Organization\",\"@id\":\"https:\/\/terrescitoyennes.org\/#organization\",\"name\":\"Terres Citoyennes Albigeoises\",\"url\":\"https:\/\/terrescitoyennes.org\/\",\"logo\":{\"@type\":\"ImageObject\",\"inLanguage\":\"fr-FR\",\"@id\":\"https:\/\/terrescitoyennes.org\/#\/schema\/logo\/image\/\",\"url\":\"https:\/\/terrescitoyennes.org\/wp-content\/uploads\/2020\/05\/LOGO-TC-propo-01.png\",\"contentUrl\":\"https:\/\/terrescitoyennes.org\/wp-content\/uploads\/2020\/05\/LOGO-TC-propo-01.png\",\"width\":519,\"height\":459,\"caption\":\"Terres Citoyennes Albigeoises\"},\"image\":{\"@id\":\"https:\/\/terrescitoyennes.org\/#\/schema\/logo\/image\/\"},\"sameAs\":[\"https:\/\/www.facebook.com\/Terres-citoyennes-albigeoises-513479312353377\/\"]}]}<\/script>\n<!-- \/ Yoast SEO plugin. -->","yoast_head_json":{"title":"Prendre des parts sociales de la SCIC - Terres citoyennes albigeoises","robots":{"index":"index","follow":"follow","max-snippet":"max-snippet:-1","max-image-preview":"max-image-preview:large","max-video-preview":"max-video-preview:-1"},"canonical":"https:\/\/terrescitoyennes.org\/index.php\/participer\/prendre-des-parts\/","og_locale":"fr_FR","og_type":"article","og_title":"Prendre des parts sociales de la SCIC - Terres citoyennes albigeoises","og_description":"La SCIC Terres citoyennes albigeoises fonctionne gr\u00e2ce \u00e0 l\u2019\u00e9pargne solidaire. En souscrivant des parts sociales&nbsp;: Comment souscrire ? Pour souscrire des parts&nbsp;: il vous faut remplir le bulletin de souscription et l\u2019envoyer en format papier ou par mail apr\u00e8s l\u2019avoir scann\u00e9, et transmettre le r\u00e8glement par ch\u00e8que ou par virement. La soci\u00e9t\u00e9 confirmera alors la [&hellip;]","og_url":"https:\/\/terrescitoyennes.org\/index.php\/participer\/prendre-des-parts\/","og_site_name":"Terres citoyennes albigeoises","article_publisher":"https:\/\/www.facebook.com\/Terres-citoyennes-albigeoises-513479312353377\/","article_modified_time":"2026-03-11T17:46:33+00:00","og_image":[{"url":"https:\/\/terrescitoyennes.org\/wp-content\/uploads\/2020\/06\/logo-ESUS.png"}],"twitter_card":"summary_large_image","twitter_misc":{"Dur\u00e9e de lecture estim\u00e9e":"5 minutes"},"schema":{"@context":"https:\/\/schema.org","@graph":[{"@type":"WebPage","@id":"https:\/\/terrescitoyennes.org\/index.php\/participer\/prendre-des-parts\/","url":"https:\/\/terrescitoyennes.org\/index.php\/participer\/prendre-des-parts\/","name":"Prendre des parts sociales de la SCIC - Terres citoyennes albigeoises","isPartOf":{"@id":"https:\/\/terrescitoyennes.org\/#website"},"primaryImageOfPage":{"@id":"https:\/\/terrescitoyennes.org\/index.php\/participer\/prendre-des-parts\/#primaryimage"},"image":{"@id":"https:\/\/terrescitoyennes.org\/index.php\/participer\/prendre-des-parts\/#primaryimage"},"thumbnailUrl":"https:\/\/terrescitoyennes.org\/wp-content\/uploads\/2020\/06\/logo-ESUS.png","datePublished":"2020-04-29T21:20:16+00:00","dateModified":"2026-03-11T17:46:33+00:00","breadcrumb":{"@id":"https:\/\/terrescitoyennes.org\/index.php\/participer\/prendre-des-parts\/#breadcrumb"},"inLanguage":"fr-FR","potentialAction":[{"@type":"ReadAction","target":["https:\/\/terrescitoyennes.org\/index.php\/participer\/prendre-des-parts\/"]}]},{"@type":"ImageObject","inLanguage":"fr-FR","@id":"https:\/\/terrescitoyennes.org\/index.php\/participer\/prendre-des-parts\/#primaryimage","url":"https:\/\/terrescitoyennes.org\/wp-content\/uploads\/2020\/06\/logo-ESUS.png","contentUrl":"https:\/\/terrescitoyennes.org\/wp-content\/uploads\/2020\/06\/logo-ESUS.png","width":604,"height":550},{"@type":"BreadcrumbList","@id":"https:\/\/terrescitoyennes.org\/index.php\/participer\/prendre-des-parts\/#breadcrumb","itemListElement":[{"@type":"ListItem","position":1,"name":"Accueil","item":"https:\/\/terrescitoyennes.org\/"},{"@type":"ListItem","position":2,"name":"Nous rejoindre","item":"https:\/\/terrescitoyennes.org\/index.php\/participer\/"},{"@type":"ListItem","position":3,"name":"Prendre des parts sociales de la SCIC"}]},{"@type":"WebSite","@id":"https:\/\/terrescitoyennes.org\/#website","url":"https:\/\/terrescitoyennes.org\/","name":"Terres Citoyennes Albigeoises","description":"","publisher":{"@id":"https:\/\/terrescitoyennes.org\/#organization"},"potentialAction":[{"@type":"SearchAction","target":{"@type":"EntryPoint","urlTemplate":"https:\/\/terrescitoyennes.org\/?s={search_term_string}"},"query-input":{"@type":"PropertyValueSpecification","valueRequired":true,"valueName":"search_term_string"}}],"inLanguage":"fr-FR"},{"@type":"Organization","@id":"https:\/\/terrescitoyennes.org\/#organization","name":"Terres Citoyennes Albigeoises","url":"https:\/\/terrescitoyennes.org\/","logo":{"@type":"ImageObject","inLanguage":"fr-FR","@id":"https:\/\/terrescitoyennes.org\/#\/schema\/logo\/image\/","url":"https:\/\/terrescitoyennes.org\/wp-content\/uploads\/2020\/05\/LOGO-TC-propo-01.png","contentUrl":"https:\/\/terrescitoyennes.org\/wp-content\/uploads\/2020\/05\/LOGO-TC-propo-01.png","width":519,"height":459,"caption":"Terres Citoyennes Albigeoises"},"image":{"@id":"https:\/\/terrescitoyennes.org\/#\/schema\/logo\/image\/"},"sameAs":["https:\/\/www.facebook.com\/Terres-citoyennes-albigeoises-513479312353377\/"]}]}},"_links":{"self":[{"href":"https:\/\/terrescitoyennes.org\/index.php\/wp-json\/wp\/v2\/pages\/76"}],"collection":[{"href":"https:\/\/terrescitoyennes.org\/index.php\/wp-json\/wp\/v2\/pages"}],"about":[{"href":"https:\/\/terrescitoyennes.org\/index.php\/wp-json\/wp\/v2\/types\/page"}],"author":[{"embeddable":true,"href":"https:\/\/terrescitoyennes.org\/index.php\/wp-json\/wp\/v2\/users\/2"}],"replies":[{"embeddable":true,"href":"https:\/\/terrescitoyennes.org\/index.php\/wp-json\/wp\/v2\/comments?post=76"}],"version-history":[{"count":69,"href":"https:\/\/terrescitoyennes.org\/index.php\/wp-json\/wp\/v2\/pages\/76\/revisions"}],"predecessor-version":[{"id":4096,"href":"https:\/\/terrescitoyennes.org\/index.php\/wp-json\/wp\/v2\/pages\/76\/revisions\/4096"}],"up":[{"embeddable":true,"href":"https:\/\/terrescitoyennes.org\/index.php\/wp-json\/wp\/v2\/pages\/42"}],"wp:attachment":[{"href":"https:\/\/terrescitoyennes.org\/index.php\/wp-json\/wp\/v2\/media?parent=76"}],"curies":[{"name":"wp","href":"https:\/\/api.w.org\/{rel}","templated":true}]}}